{"id":21,"date":"2020-03-11T10:34:37","date_gmt":"2020-03-11T10:34:37","guid":{"rendered":"https:\/\/usep.cloudligue56.fr\/?page_id=21"},"modified":"2025-08-29T08:54:55","modified_gmt":"2025-08-29T08:54:55","slug":"usep-du-morbihan","status":"publish","type":"page","link":"https:\/\/usep.laligue56.org\/?page_id=21","title":{"rendered":"USEP DU MORBIHAN"},"content":{"rendered":"\n<p>Le Comit\u00e9 Directeur est l\u2019instance qui fixe le cap et prend les d\u00e9cisions importantes concernant la vie de l\u2019USEP dans le Morbihan. Il est constitu\u00e9 de 12 membres \u00e9lus pour 4 ans et se r\u00e9unit 4 \u00e0 5 fois dans l\u2019ann\u00e9e. Le bureau de l\u2019USEP 56 se r\u00e9unit plus fr\u00e9quemment afin de conduire les affaires courantes et prendre toute d\u00e9cision n\u00e9cessaire \u00e0 la bonne marche de l\u2019USEP. Chaque ann\u00e9e, le Comit\u00e9 Directeur pr\u00e9sente au cours d\u2019une Assembl\u00e9e G\u00e9n\u00e9rale le bilan de ses actions et ses perspectives. C\u2019est un moment statutaire qui permet aux associations d&rsquo;\u00e9coles USEP de s\u2019exprimer sur la politique men\u00e9e par le CD. Lors de l&rsquo;assembl\u00e9e g\u00e9n\u00e9rale de l&rsquo;USEP 56 du 24 septembre 2024, un nouveau comit\u00e9 directeur a \u00e9t\u00e9 \u00e9lu et est constitu\u00e9 de 7 femmes et 5 hommes.<br><\/p>\n\n\n\n<figure class=\"wp-block-image size-full\"><img loading=\"lazy\" decoding=\"async\" width=\"851\" height=\"610\" src=\"https:\/\/usep.laligue56.org\/wp-content\/uploads\/2025\/08\/Capture-decran-2025-08-29-104952.png\" alt=\"\" class=\"wp-image-1612\" srcset=\"https:\/\/usep.laligue56.org\/wp-content\/uploads\/2025\/08\/Capture-decran-2025-08-29-104952.png 851w, https:\/\/usep.laligue56.org\/wp-content\/uploads\/2025\/08\/Capture-decran-2025-08-29-104952-300x215.png 300w, https:\/\/usep.laligue56.org\/wp-content\/uploads\/2025\/08\/Capture-decran-2025-08-29-104952-768x551.png 768w\" sizes=\"(max-width: 851px) 100vw, 851px\" \/><\/figure>\n\n\n\n<p class=\"has-text-align-center\"><\/p>\n\n\n\n<p class=\"has-text-align-left has-medium-font-size\"><br><strong>Le comit\u00e9 directeur USEP 56<\/strong><\/p>\n\n\n\n<h4 class=\"wp-block-heading\">Bureau USEP 56 :<\/h4>\n\n\n\n<p>Pr\u00e9sidente : Delphine KERBELLEC<\/p>\n\n\n\n<p>Vice-Pr\u00e9sident : Laurent MUGUET<\/p>\n\n\n\n<p>Secr\u00e9taire : Christine BLAIS<\/p>\n\n\n\n<p>Tr\u00e9sorier : Evelyne NICOL<\/p>\n\n\n\n<h4 class=\"wp-block-heading\">Membres du Comit\u00e9 directeur USEP 56 :<\/h4>\n\n\n\n<p>Pascale BREGENT<\/p>\n\n\n\n<p>C\u00e9cile COUPRIE<\/p>\n\n\n\n<p>St\u00e9phanie COUVAL<\/p>\n\n\n\n<p>Ariane NOUEL<\/p>\n\n\n\n<p>Luc GAUME<\/p>\n\n\n\n<p>Fran\u00e7ois GRENET<\/p>\n\n\n\n<p>Daniel LE FUR<\/p>\n\n\n\n<p>Jean-Philippe LE GUILLOU<\/p>\n\n\n\n<p><\/p>\n","protected":false},"excerpt":{"rendered":"<p>Le Comit\u00e9 Directeur est l\u2019instance qui fixe le cap et prend les d\u00e9cisions importantes concernant la vie de l\u2019USEP dans le Morbihan. Il est constitu\u00e9 de 12 membres \u00e9lus pour 4 ans et se r\u00e9unit 4 \u00e0 5 fois dans l\u2019ann\u00e9e. Le bureau de l\u2019USEP 56 se r\u00e9unit plus fr\u00e9quemment afin de conduire les affaires [&hellip;]<\/p>\n","protected":false},"author":1,"featured_media":0,"parent":0,"menu_order":0,"comment_status":"closed","ping_status":"closed","template":"","meta":{"footnotes":""},"class_list":["post-21","page","type-page","status-publish","hentry","post"],"_links":{"self":[{"href":"https:\/\/usep.laligue56.org\/index.php?rest_route=\/wp\/v2\/pages\/21"}],"collection":[{"href":"https:\/\/usep.laligue56.org\/index.php?rest_route=\/wp\/v2\/pages"}],"about":[{"href":"https:\/\/usep.laligue56.org\/index.php?rest_route=\/wp\/v2\/types\/page"}],"author":[{"embeddable":true,"href":"https:\/\/usep.laligue56.org\/index.php?rest_route=\/wp\/v2\/users\/1"}],"replies":[{"embeddable":true,"href":"https:\/\/usep.laligue56.org\/index.php?rest_route=%2Fwp%2Fv2%2Fcomments&post=21"}],"version-history":[{"count":14,"href":"https:\/\/usep.laligue56.org\/index.php?rest_route=\/wp\/v2\/pages\/21\/revisions"}],"predecessor-version":[{"id":1613,"href":"https:\/\/usep.laligue56.org\/index.php?rest_route=\/wp\/v2\/pages\/21\/revisions\/1613"}],"wp:attachment":[{"href":"https:\/\/usep.laligue56.org\/index.php?rest_route=%2Fwp%2Fv2%2Fmedia&parent=21"}],"curies":[{"name":"wp","href":"https:\/\/api.w.org\/{rel}","templated":true}]}}