{"id":23,"date":"2020-03-11T10:35:31","date_gmt":"2020-03-11T10:35:31","guid":{"rendered":"https:\/\/usep.cloudligue56.fr\/?page_id=23"},"modified":"2022-01-13T16:00:54","modified_gmt":"2022-01-13T16:00:54","slug":"usep-bretagne","status":"publish","type":"page","link":"https:\/\/usep.laligue56.org\/?page_id=23","title":{"rendered":"USEP BRETAGNE"},"content":{"rendered":"\n<p><strong>Le Comit\u00e9 R\u00e9gional Usep Bretagne a \u00e9t\u00e9 cr\u00e9\u00e9 en 2003. Il a fortement d\u00e9velopp\u00e9 ses activit\u00e9s \u00e0 partir de 2005, autour de 2 axes&nbsp;: la formation et le portage de rencontres r\u00e9gionales, d\u00e9clin\u00e9es sur chaque d\u00e9partement.<\/strong><\/p>\n\n\n\n<p>Pour plus d&rsquo;informations veuillez consulter le site : <a href=\"https:\/\/bretagne.comite.usep.org\">USEP Bretagne<\/a><\/p>\n\n\n\n<div class=\"wp-block-image\"><figure class=\"aligncenter size-full\"><img loading=\"lazy\" decoding=\"async\" width=\"100\" height=\"111\" src=\"https:\/\/usep.laligue56.org\/wp-content\/uploads\/2022\/01\/Bretagne-e1531298393460.png\" alt=\"\" class=\"wp-image-773\"\/><\/figure><\/div>\n\n\n\n<p><\/p>\n","protected":false},"excerpt":{"rendered":"<p>Le Comit\u00e9 R\u00e9gional Usep Bretagne a \u00e9t\u00e9 cr\u00e9\u00e9 en 2003. Il a fortement d\u00e9velopp\u00e9 ses activit\u00e9s \u00e0 partir de 2005, autour de 2 axes&nbsp;: la formation et le portage de rencontres r\u00e9gionales, d\u00e9clin\u00e9es sur chaque d\u00e9partement. Pour plus d&rsquo;informations veuillez consulter le site : USEP Bretagne<\/p>\n","protected":false},"author":1,"featured_media":0,"parent":0,"menu_order":0,"comment_status":"closed","ping_status":"closed","template":"","meta":{"footnotes":""},"class_list":["post-23","page","type-page","status-publish","hentry","post"],"_links":{"self":[{"href":"https:\/\/usep.laligue56.org\/index.php?rest_route=\/wp\/v2\/pages\/23"}],"collection":[{"href":"https:\/\/usep.laligue56.org\/index.php?rest_route=\/wp\/v2\/pages"}],"about":[{"href":"https:\/\/usep.laligue56.org\/index.php?rest_route=\/wp\/v2\/types\/page"}],"author":[{"embeddable":true,"href":"https:\/\/usep.laligue56.org\/index.php?rest_route=\/wp\/v2\/users\/1"}],"replies":[{"embeddable":true,"href":"https:\/\/usep.laligue56.org\/index.php?rest_route=%2Fwp%2Fv2%2Fcomments&post=23"}],"version-history":[{"count":2,"href":"https:\/\/usep.laligue56.org\/index.php?rest_route=\/wp\/v2\/pages\/23\/revisions"}],"predecessor-version":[{"id":775,"href":"https:\/\/usep.laligue56.org\/index.php?rest_route=\/wp\/v2\/pages\/23\/revisions\/775"}],"wp:attachment":[{"href":"https:\/\/usep.laligue56.org\/index.php?rest_route=%2Fwp%2Fv2%2Fmedia&parent=23"}],"curies":[{"name":"wp","href":"https:\/\/api.w.org\/{rel}","templated":true}]}}