{"id":25,"date":"2020-03-11T10:36:27","date_gmt":"2020-03-11T10:36:27","guid":{"rendered":"https:\/\/usep.cloudligue56.fr\/?page_id=25"},"modified":"2022-01-14T14:06:24","modified_gmt":"2022-01-14T14:06:24","slug":"usep-nationale","status":"publish","type":"page","link":"https:\/\/usep.laligue56.org\/?page_id=25","title":{"rendered":"USEP NATIONALE"},"content":{"rendered":"\n<h3 class=\"wp-block-heading\">L&rsquo;USEP, 4\u00e8me f\u00e9d\u00e9ration sportive fran\u00e7aise !<\/h3>\n\n\n\n<p><strong>L&rsquo;USEP compte 800 000 licenci\u00e9s en France ; n\u00e9e en 1939 au sein de la Ligue de l&rsquo;Enseignement, elle propose aux \u00e9coles publiques de participer \u00e0 des op\u00e9rations nationales, r\u00e9gionales, d\u00e9partementales et locales se d\u00e9clinant par des rencontres sportives scolaires.<br>Elle porte \u00e0 travers ses actions des valeurs fortes : la\u00efcit\u00e9, citoyennet\u00e9 et solidarit\u00e9.<br>A la fois mouvement sportif, p\u00e9dagogique et associatif, elle est \u00e9galement un mouvement d&rsquo;id\u00e9es .<\/strong><\/p>\n\n\n\n<p>Site USEP Nationale :&nbsp;<strong><em><a rel=\"noreferrer noopener\" href=\"http:\/\/www.usep.org\/\" data-type=\"URL\" data-id=\"http:\/\/www.usep.org\/\" target=\"_blank\">www.usep.or<\/a><a href=\"http:\/\/www.usep.org\/\" data-type=\"URL\" data-id=\"http:\/\/www.usep.org\/\" target=\"_blank\" rel=\"noreferrer noopener\">g<\/a><a rel=\"noreferrer noopener\" href=\"http:\/\/www.usep.org\/\" target=\"_blank\" data-type=\"URL\" data-id=\"http:\/\/www.usep.org\/\"><\/a><\/em><\/strong><\/p>\n\n\n\n<div class=\"wp-block-image\"><figure class=\"aligncenter size-large is-resized\"><img loading=\"lazy\" decoding=\"async\" src=\"https:\/\/usep.laligue56.org\/wp-content\/uploads\/2022\/01\/bonhomme_EEDD-1024x756.png\" alt=\"\" class=\"wp-image-790\" width=\"382\" height=\"282\" srcset=\"https:\/\/usep.laligue56.org\/wp-content\/uploads\/2022\/01\/bonhomme_EEDD-1024x756.png 1024w, https:\/\/usep.laligue56.org\/wp-content\/uploads\/2022\/01\/bonhomme_EEDD-300x222.png 300w, https:\/\/usep.laligue56.org\/wp-content\/uploads\/2022\/01\/bonhomme_EEDD-768x567.png 768w, https:\/\/usep.laligue56.org\/wp-content\/uploads\/2022\/01\/bonhomme_EEDD-1536x1135.png 1536w, https:\/\/usep.laligue56.org\/wp-content\/uploads\/2022\/01\/bonhomme_EEDD-2048x1513.png 2048w\" sizes=\"(max-width: 382px) 100vw, 382px\" \/><\/figure><\/div>\n","protected":false},"excerpt":{"rendered":"<p>L&rsquo;USEP, 4\u00e8me f\u00e9d\u00e9ration sportive fran\u00e7aise ! L&rsquo;USEP compte 800 000 licenci\u00e9s en France ; n\u00e9e en 1939 au sein de la Ligue de l&rsquo;Enseignement, elle propose aux \u00e9coles publiques de participer \u00e0 des op\u00e9rations nationales, r\u00e9gionales, d\u00e9partementales et locales se d\u00e9clinant par des rencontres sportives scolaires.Elle porte \u00e0 travers ses actions des valeurs fortes : [&hellip;]<\/p>\n","protected":false},"author":1,"featured_media":0,"parent":0,"menu_order":0,"comment_status":"closed","ping_status":"closed","template":"","meta":{"footnotes":""},"class_list":["post-25","page","type-page","status-publish","hentry","post"],"_links":{"self":[{"href":"https:\/\/usep.laligue56.org\/index.php?rest_route=\/wp\/v2\/pages\/25"}],"collection":[{"href":"https:\/\/usep.laligue56.org\/index.php?rest_route=\/wp\/v2\/pages"}],"about":[{"href":"https:\/\/usep.laligue56.org\/index.php?rest_route=\/wp\/v2\/types\/page"}],"author":[{"embeddable":true,"href":"https:\/\/usep.laligue56.org\/index.php?rest_route=\/wp\/v2\/users\/1"}],"replies":[{"embeddable":true,"href":"https:\/\/usep.laligue56.org\/index.php?rest_route=%2Fwp%2Fv2%2Fcomments&post=25"}],"version-history":[{"count":3,"href":"https:\/\/usep.laligue56.org\/index.php?rest_route=\/wp\/v2\/pages\/25\/revisions"}],"predecessor-version":[{"id":792,"href":"https:\/\/usep.laligue56.org\/index.php?rest_route=\/wp\/v2\/pages\/25\/revisions\/792"}],"wp:attachment":[{"href":"https:\/\/usep.laligue56.org\/index.php?rest_route=%2Fwp%2Fv2%2Fmedia&parent=25"}],"curies":[{"name":"wp","href":"https:\/\/api.w.org\/{rel}","templated":true}]}}