{"id":38,"date":"2020-03-11T10:52:11","date_gmt":"2020-03-11T10:52:11","guid":{"rendered":"https:\/\/usep.cloudligue56.fr\/?page_id=38"},"modified":"2022-01-17T10:29:44","modified_gmt":"2022-01-17T10:29:44","slug":"organiser-une-rencontre-usep","status":"publish","type":"page","link":"https:\/\/usep.laligue56.org\/?page_id=38","title":{"rendered":"ORGANISER UNE RENCONTRE USEP"},"content":{"rendered":"\n<h3 class=\"has-light-green-cyan-color has-text-color wp-block-heading\"><strong>Avant la rencontre<\/strong><\/h3>\n\n\n\n<p>L&rsquo;Organisateur Organis\u00e9 s&rsquo;y prend \u00e0 l&rsquo;avance&#8230;<\/p>\n\n\n\n<p class=\"has-luminous-vivid-orange-color has-text-color\"><strong>1.Informer les participants<\/strong><\/p>\n\n\n\n<ul class=\"wp-block-list\"><li>\u00c9crire et diffuser les invitations<\/li><li>Fabriquer les feuilles d&rsquo;inscription<\/li><\/ul>\n\n\n\n<p class=\"has-luminous-vivid-orange-color has-text-color\"><strong>2.R\u00e9unir les adultes (enseignants, ATSEM, Parents &#8230;) encadrant la manifestation<\/strong><\/p>\n\n\n\n<ul class=\"wp-block-list\"><li>Pr\u00e9senter la rencontre (esprit de la rencontre, organisation g\u00e9n\u00e9rale,d\u00e9roulement de la journ\u00e9e )<\/li><li>Donner \u00e0 l&rsquo;avance \u00e0 chaque adulte responsable d&rsquo;un atelier, d&rsquo;un groupe d&rsquo;enfant les informations n\u00e9cessaires au bon d\u00e9roulement de l&rsquo;activit\u00e9<\/li><\/ul>\n\n\n\n<p class=\"has-luminous-vivid-orange-color has-text-color\"><strong>3.R\u00e9server \u00e0 l&rsquo;avance<\/strong><\/p>\n\n\n\n<ul class=\"wp-block-list\"><li>Pr\u00e9venir les compagnies de transports<\/li><li>R\u00e9server les salles ou les \u00e9quipements sportifs<\/li><li>Prendre rendez vous avec la presse<\/li><\/ul>\n\n\n\n<p class=\"has-luminous-vivid-orange-color has-text-color\"><strong>4. Pr\u00e9voir<\/strong><\/p>\n\n\n\n<ul class=\"wp-block-list\"><li>La pr\u00e9sentation des r\u00e9sultats<\/li><li>Les r\u00e9compenses \u00e9ventuelles<\/li><li>Les go\u00fbters<\/li><li>Les activit\u00e9s de secours ou les annulations en cas de probl\u00e8me m\u00e9t\u00e9o<\/li><\/ul>\n\n\n\n<p class=\"has-luminous-vivid-orange-color has-text-color\"><strong>5. V\u00e9rifier<\/strong><\/p>\n\n\n\n<ul class=\"wp-block-list\"><li>Les licences<\/li><li>La trousse de secours<\/li><li>Num\u00e9ros de t\u00e9l\u00e9phone des personnes encadrant la manifestation<\/li><\/ul>\n\n\n\n<h3 class=\"has-light-green-cyan-color has-text-color wp-block-heading\"><strong>Pendant la rencontre<\/strong><\/h3>\n\n\n\n<p>Une organisation r\u00e9ussie !<\/p>\n\n\n\n<p>Pour une rencontre r\u00e9ussie,il faut un minimum d&rsquo;organisation et de m\u00e9thode.<br>Le rappel de quelques points essentiels n&rsquo;est pas inutile.<\/p>\n\n\n\n<p class=\"has-luminous-vivid-orange-color has-text-color\"><strong>1 .Informer les participants<\/strong><\/p>\n\n\n\n<ul class=\"wp-block-list\"><li>Pr\u00e9senter la journ\u00e9e<\/li><li>Veiller \u00e0 ce que tous les participants connaissent les lieux et activit\u00e9s<\/li><li>R\u00e9pondre aux questions<\/li><\/ul>\n\n\n\n<p class=\"has-luminous-vivid-orange-color has-text-color\"><strong>2 .Participer<\/strong><\/p>\n\n\n\n<ul class=\"wp-block-list\"><li>Respecter le programme<\/li><li>Respecter les consignes de s\u00e9curit\u00e9<\/li><li>Observer, conseiller&#8230;( arbitrage, grille de poules &#8230;)<\/li><\/ul>\n\n\n\n<p class=\"has-luminous-vivid-orange-color has-text-color\"><strong>3. Pr\u00e9voir et mettre \u00e0 disposition<\/strong><\/p>\n\n\n\n<ul class=\"wp-block-list\"><li>L&rsquo;utilisation de la pharmacie<\/li><li>L&rsquo;eau<\/li><li>Les go\u00fbters \u00e9ventuels<\/li><\/ul>\n\n\n\n<h3 class=\"has-light-green-cyan-color has-text-color wp-block-heading\"><strong>Apr\u00e8s la rencontre<\/strong><\/h3>\n\n\n\n<p class=\"has-luminous-vivid-orange-color has-text-color\"><strong>1.Informer les participants<\/strong><\/p>\n\n\n\n<ul class=\"wp-block-list\"><li>\u00c9crire et diffuser le compte rendu<\/li><\/ul>\n\n\n\n<p class=\"has-luminous-vivid-orange-color has-text-color\"><strong>2.Ranger<\/strong><\/p>\n\n\n\n<ul class=\"wp-block-list\"><li>Le mat\u00e9riel<\/li><li>Les r\u00e9sultats : ranger les classements, performances&#8230; dans un registre des rencontres ( facultatif)<\/li><\/ul>\n\n\n\n<p class=\"has-luminous-vivid-orange-color has-text-color\"><strong>3. Cl\u00f4turer<\/strong><\/p>\n\n\n\n<ul class=\"wp-block-list\"><li>Les comptes : r\u00e9gler les factures<\/li><li>La rencontre en faisant un bilan avec l&rsquo;ensemble des adultes pr\u00e9sents (parents, ATSEM &#8230;) : ce qui a \u00e9t\u00e9 r\u00e9ussi, ce qui n&rsquo;a pas \u00e9t\u00e9 r\u00e9ussi &#8230;.<\/li><\/ul>\n\n\n\n<div class=\"wp-block-image\"><figure class=\"aligncenter size-large is-resized\"><img loading=\"lazy\" decoding=\"async\" src=\"https:\/\/usep.laligue56.org\/wp-content\/uploads\/2022\/01\/bonhomme_photographe-812x1024.png\" alt=\"\" class=\"wp-image-801\" width=\"164\" height=\"207\" srcset=\"https:\/\/usep.laligue56.org\/wp-content\/uploads\/2022\/01\/bonhomme_photographe-812x1024.png 812w, https:\/\/usep.laligue56.org\/wp-content\/uploads\/2022\/01\/bonhomme_photographe-238x300.png 238w, https:\/\/usep.laligue56.org\/wp-content\/uploads\/2022\/01\/bonhomme_photographe-768x969.png 768w, https:\/\/usep.laligue56.org\/wp-content\/uploads\/2022\/01\/bonhomme_photographe-1217x1536.png 1217w, https:\/\/usep.laligue56.org\/wp-content\/uploads\/2022\/01\/bonhomme_photographe-1623x2048.png 1623w\" sizes=\"(max-width: 164px) 100vw, 164px\" \/><\/figure><\/div>\n","protected":false},"excerpt":{"rendered":"<p>Avant la rencontre L&rsquo;Organisateur Organis\u00e9 s&rsquo;y prend \u00e0 l&rsquo;avance&#8230; 1.Informer les participants \u00c9crire et diffuser les invitations Fabriquer les feuilles d&rsquo;inscription 2.R\u00e9unir les adultes (enseignants, ATSEM, Parents &#8230;) encadrant la manifestation Pr\u00e9senter la rencontre (esprit de la rencontre, organisation g\u00e9n\u00e9rale,d\u00e9roulement de la journ\u00e9e ) Donner \u00e0 l&rsquo;avance \u00e0 chaque adulte responsable d&rsquo;un atelier, d&rsquo;un groupe [&hellip;]<\/p>\n","protected":false},"author":1,"featured_media":0,"parent":0,"menu_order":0,"comment_status":"closed","ping_status":"closed","template":"","meta":{"footnotes":""},"class_list":["post-38","page","type-page","status-publish","hentry","post"],"_links":{"self":[{"href":"https:\/\/usep.laligue56.org\/index.php?rest_route=\/wp\/v2\/pages\/38"}],"collection":[{"href":"https:\/\/usep.laligue56.org\/index.php?rest_route=\/wp\/v2\/pages"}],"about":[{"href":"https:\/\/usep.laligue56.org\/index.php?rest_route=\/wp\/v2\/types\/page"}],"author":[{"embeddable":true,"href":"https:\/\/usep.laligue56.org\/index.php?rest_route=\/wp\/v2\/users\/1"}],"replies":[{"embeddable":true,"href":"https:\/\/usep.laligue56.org\/index.php?rest_route=%2Fwp%2Fv2%2Fcomments&post=38"}],"version-history":[{"count":3,"href":"https:\/\/usep.laligue56.org\/index.php?rest_route=\/wp\/v2\/pages\/38\/revisions"}],"predecessor-version":[{"id":802,"href":"https:\/\/usep.laligue56.org\/index.php?rest_route=\/wp\/v2\/pages\/38\/revisions\/802"}],"wp:attachment":[{"href":"https:\/\/usep.laligue56.org\/index.php?rest_route=%2Fwp%2Fv2%2Fmedia&parent=38"}],"curies":[{"name":"wp","href":"https:\/\/api.w.org\/{rel}","templated":true}]}}