{"id":46,"date":"2020-03-11T11:05:47","date_gmt":"2020-03-11T11:05:47","guid":{"rendered":"https:\/\/usep.cloudligue56.fr\/?page_id=46"},"modified":"2025-08-29T13:31:26","modified_gmt":"2025-08-29T13:31:26","slug":"scola-basket-hand-rugby","status":"publish","type":"page","link":"https:\/\/usep.laligue56.org\/?page_id=46","title":{"rendered":"SCOLA (BASKET\/HAND\/RUGBY)"},"content":{"rendered":"\n<p>Ces rencontres \u00ab sports collectifs \u00bb finalisent un cycle d\u2019apprentissage. Quelle que soit l\u2019activit\u00e9 choisie (Basket, Hand, Rugby) leurs formats C2 et C3 sont sensiblement les m\u00eames : plateau d\u2019ateliers pour les cycles 2 et tournois\/matchs pour les cycles 3.<\/p>\n\n\n\n<h3 class=\"wp-block-heading has-light-green-cyan-color has-text-color\"><strong>SCOLABASKET<\/strong> (Janvier\/F\u00e9vrier)<\/h3>\n\n\n\n<p><a href=\"https:\/\/cloudligue56.fr\/index.php\/s\/FALb6driEiSPaRf\" data-type=\"link\" data-id=\"https:\/\/cloudligue56.fr\/index.php\/s\/RMH8Z2xSjC3NLBc\"><strong>Cahier des charges Scolabasket Cycle 2 2025-2026<\/strong><\/a><\/p>\n\n\n\n<p><a href=\"https:\/\/cloudligue56.fr\/index.php\/s\/nd3XnEZ3fH2jkyE\" data-type=\"link\" data-id=\"https:\/\/cloudligue56.fr\/index.php\/s\/NqXArSHqbewgcSw\"><strong>Cahier des charges Scolabasket Cycle 3 2025-2026<\/strong><\/a><\/p>\n\n\n\n<p><strong><a href=\"https:\/\/cloudligue56.fr\/index.php\/s\/bmQEZa64kgbNWjo\">Document P\u00e9dagogique \u00ab\u00a0Je Joue, j&rsquo;Arbitre, je Participe, de la s\u00e9ance \u00e0 la Rencontre Sportive Associative USEP\u00a0\u00bb<\/a><\/strong><\/p>\n\n\n\n<p><strong><a href=\"http:\/\/cloudligue56.fr\/index.php\/s\/RfFwjd6TnmT7DCZ\">Cartes Coop\u00e9titives<\/a><\/strong><\/p>\n\n\n\n<p>En partenariat avec la FF Basket-Ball et le Comit\u00e9 d\u00e9partemental de Basket, vous avez tout int\u00e9r\u00eat \u00e0 vous inscrire \u00e0 l\u2019op\u00e9ration \u00ab Basket \u00c9cole \u00bb. Vous pourrez ainsi b\u00e9n\u00e9ficier de fiches p\u00e9dagogiques et de mat\u00e9riel pour votre classe (ballons, posters, dipl\u00f4mes&#8230;).<br><a href=\"http:\/\/www.basketecole.com\/\"><strong>http:\/\/www.basketecole.com\/<\/strong><\/a><\/p>\n\n\n<div class=\"wp-block-image\">\n<figure class=\"aligncenter size-large is-resized\"><img loading=\"lazy\" decoding=\"async\" width=\"724\" height=\"1024\" src=\"https:\/\/usep.laligue56.org\/wp-content\/uploads\/2022\/01\/BASKET-724x1024.png\" alt=\"\" class=\"wp-image-824\" style=\"width:150px;height:212px\" srcset=\"https:\/\/usep.laligue56.org\/wp-content\/uploads\/2022\/01\/BASKET-724x1024.png 724w, https:\/\/usep.laligue56.org\/wp-content\/uploads\/2022\/01\/BASKET-212x300.png 212w, https:\/\/usep.laligue56.org\/wp-content\/uploads\/2022\/01\/BASKET-768x1087.png 768w, https:\/\/usep.laligue56.org\/wp-content\/uploads\/2022\/01\/BASKET-1085x1536.png 1085w, https:\/\/usep.laligue56.org\/wp-content\/uploads\/2022\/01\/BASKET-1447x2048.png 1447w\" sizes=\"(max-width: 724px) 100vw, 724px\" \/><\/figure><\/div>\n\n\n<h3 class=\"wp-block-heading has-light-green-cyan-color has-text-color\"><strong>SCOLAHAND<\/strong> SUR GAZON (Mai \/ Juin)<\/h3>\n\n\n\n<p><a href=\"https:\/\/cloudligue56.fr\/index.php\/s\/brMT4fFfDQbMqCq\"><strong>Cahiers des charges Handball sur gazon Cycle 2 et 3 2025-2026<\/strong><\/a><\/p>\n\n\n\n<p><a href=\"http:\/\/cloudligue56.fr\/index.php\/s\/SA295FFBrYpWMNq\"><strong>Document P\u00e9dagogique \u00ab\u00a0Handball Premier pas\u00a0\u00bb<\/strong><\/a><\/p>\n\n\n\n<p><a href=\"http:\/\/cloudligue56.fr\/index.php\/s\/RiFnNzT4G3mbftp\" data-type=\"URL\"><strong>Document P\u00e9dagogique Cycle 2<\/strong><\/a><\/p>\n\n\n\n<p><strong><a href=\"http:\/\/cloudligue56.fr\/index.php\/s\/TFHoxt8jqQeADjq\" data-type=\"URL\">Document P\u00e9dagogique Cycle 3<\/a><\/strong><\/p>\n\n\n\n<p><a href=\"http:\/\/cloudligue56.fr\/index.php\/s\/JqtjsXTFMWywiHk\"><strong>Cartes Coop\u00e9titives<\/strong><\/a><\/p>\n\n\n<div class=\"wp-block-image\">\n<figure class=\"aligncenter size-large is-resized\"><img loading=\"lazy\" decoding=\"async\" width=\"924\" height=\"1024\" src=\"https:\/\/usep.laligue56.org\/wp-content\/uploads\/2022\/01\/HANDBALL-924x1024.png\" alt=\"\" class=\"wp-image-826\" style=\"width:207px;height:229px\" srcset=\"https:\/\/usep.laligue56.org\/wp-content\/uploads\/2022\/01\/HANDBALL-924x1024.png 924w, https:\/\/usep.laligue56.org\/wp-content\/uploads\/2022\/01\/HANDBALL-271x300.png 271w, https:\/\/usep.laligue56.org\/wp-content\/uploads\/2022\/01\/HANDBALL-768x851.png 768w, https:\/\/usep.laligue56.org\/wp-content\/uploads\/2022\/01\/HANDBALL-1386x1536.png 1386w, https:\/\/usep.laligue56.org\/wp-content\/uploads\/2022\/01\/HANDBALL-1847x2048.png 1847w\" sizes=\"(max-width: 924px) 100vw, 924px\" \/><\/figure><\/div>\n\n\n<p class=\"has-vivid-red-color has-text-color has-link-color wp-elements-c9365267f914bd71ea50e5e539e3962b\"><\/p>\n\n\n\n<h3 class=\"wp-block-heading has-light-green-cyan-color has-text-color\"><strong>SCOLARUGBY<\/strong> ( Mai-Juin)<\/h3>\n\n\n\n<p><a href=\"https:\/\/cloudligue56.fr\/index.php\/s\/erexRnxK6sFAAK7\"><strong>Cahiers des charges Scolarugby Cycle 2 et 3 2025-2026<\/strong><\/a><\/p>\n\n\n\n<p><a href=\"https:\/\/cloudligue56.fr\/index.php\/s\/nn6RcAEiS8Dtdyz\"><strong>Cycle EPS \u00ab\u00a0Balle Ovale\u00a0\u00bb CYCLE 2<\/strong><\/a><\/p>\n\n\n\n<p><a href=\"https:\/\/cloudligue56.fr\/index.php\/s\/YDANG9czyfEoBLc\"><strong>Cycle EPS \u00ab\u00a0Balle Ovale\u00a0\u00bb CYCLE 3<\/strong><\/a><\/p>\n\n\n\n<p><strong><a href=\"https:\/\/cloudligue56.fr\/index.php\/s\/RfFwjd6TnmT7DCZ\">Cartes Coop\u00e9titi<\/a><\/strong><a href=\"http:\/\/cloudligue56.fr\/index.php\/s\/RGRJDNrkXLTi3fa\"><strong>ves<\/strong><\/a><\/p>\n\n\n<div class=\"wp-block-image\">\n<figure class=\"aligncenter size-large is-resized\"><img loading=\"lazy\" decoding=\"async\" width=\"1024\" height=\"1018\" src=\"https:\/\/usep.laligue56.org\/wp-content\/uploads\/2022\/01\/RUGBY-1024x1018.png\" alt=\"\" class=\"wp-image-827\" style=\"width:196px;height:194px\" srcset=\"https:\/\/usep.laligue56.org\/wp-content\/uploads\/2022\/01\/RUGBY-1024x1018.png 1024w, https:\/\/usep.laligue56.org\/wp-content\/uploads\/2022\/01\/RUGBY-300x298.png 300w, https:\/\/usep.laligue56.org\/wp-content\/uploads\/2022\/01\/RUGBY-150x150.png 150w, https:\/\/usep.laligue56.org\/wp-content\/uploads\/2022\/01\/RUGBY-768x764.png 768w, https:\/\/usep.laligue56.org\/wp-content\/uploads\/2022\/01\/RUGBY-1536x1527.png 1536w, https:\/\/usep.laligue56.org\/wp-content\/uploads\/2022\/01\/RUGBY-2048x2037.png 2048w\" sizes=\"(max-width: 1024px) 100vw, 1024px\" \/><\/figure><\/div>\n\n\n<p class=\"has-vivid-red-color has-text-color has-link-color wp-elements-c9365267f914bd71ea50e5e539e3962b\"><\/p>\n","protected":false},"excerpt":{"rendered":"<p>Ces rencontres \u00ab sports collectifs \u00bb finalisent un cycle d\u2019apprentissage. Quelle que soit l\u2019activit\u00e9 choisie (Basket, Hand, Rugby) leurs formats C2 et C3 sont sensiblement les m\u00eames : plateau d\u2019ateliers pour les cycles 2 et tournois\/matchs pour les cycles 3. SCOLABASKET (Janvier\/F\u00e9vrier) Cahier des charges Scolabasket Cycle 2 2025-2026 Cahier des charges Scolabasket Cycle 3 [&hellip;]<\/p>\n","protected":false},"author":1,"featured_media":0,"parent":0,"menu_order":0,"comment_status":"closed","ping_status":"closed","template":"","meta":{"footnotes":""},"class_list":["post-46","page","type-page","status-publish","hentry","post"],"_links":{"self":[{"href":"https:\/\/usep.laligue56.org\/index.php?rest_route=\/wp\/v2\/pages\/46"}],"collection":[{"href":"https:\/\/usep.laligue56.org\/index.php?rest_route=\/wp\/v2\/pages"}],"about":[{"href":"https:\/\/usep.laligue56.org\/index.php?rest_route=\/wp\/v2\/types\/page"}],"author":[{"embeddable":true,"href":"https:\/\/usep.laligue56.org\/index.php?rest_route=\/wp\/v2\/users\/1"}],"replies":[{"embeddable":true,"href":"https:\/\/usep.laligue56.org\/index.php?rest_route=%2Fwp%2Fv2%2Fcomments&post=46"}],"version-history":[{"count":38,"href":"https:\/\/usep.laligue56.org\/index.php?rest_route=\/wp\/v2\/pages\/46\/revisions"}],"predecessor-version":[{"id":1624,"href":"https:\/\/usep.laligue56.org\/index.php?rest_route=\/wp\/v2\/pages\/46\/revisions\/1624"}],"wp:attachment":[{"href":"https:\/\/usep.laligue56.org\/index.php?rest_route=%2Fwp%2Fv2%2Fmedia&parent=46"}],"curies":[{"name":"wp","href":"https:\/\/api.w.org\/{rel}","templated":true}]}}