{"id":50,"date":"2020-03-11T11:31:51","date_gmt":"2020-03-11T11:31:51","guid":{"rendered":"https:\/\/usep.cloudligue56.fr\/?page_id=50"},"modified":"2025-08-29T13:49:43","modified_gmt":"2025-08-29T13:49:43","slug":"tennis-decole","status":"publish","type":"page","link":"https:\/\/usep.laligue56.org\/?page_id=50","title":{"rendered":"TENNIS D&rsquo;\u00c9COLE"},"content":{"rendered":"\n<h2 class=\"wp-block-heading has-light-green-cyan-color has-text-color\">(Mars-Avril)<\/h2>\n\n\n\n<p>Cette rencontre a vu le jour en 2010 en partenariat avec le Comit\u00e9 D\u00e9partemental Tennis du Morbihan. <br>Apr\u00e8s un cycle d&rsquo;apprentissage, nous regroupons sur une demi-journ\u00e9e, plusieurs classes d&rsquo;\u00e9coles diff\u00e9rentes au sein d&rsquo;un complexe de tennis, afin de participer \u00e0 divers jeux, ateliers et matchs adapt\u00e9s au tennis scolaire. Cette ann\u00e9e nous orientons cette rencontre pour les \u00e9l\u00e8ves de GS de CP et CE1. <\/p>\n\n\n\n<p><a href=\"https:\/\/cloudligue56.fr\/index.php\/s\/tftZgLgXFgknbHp\" data-type=\"link\" data-id=\"https:\/\/cloudligue56.fr\/index.php\/s\/tftZgLgXFgknbHp\"><strong>Cahier des charges Tennis Cycle 2025-2026<\/strong><\/a><\/p>\n\n\n\n<p><a href=\"https:\/\/cloudligue56.fr\/index.php\/s\/w4MZoKgdna5WYya\"><strong>Document P\u00e9dagogique Tennis d&rsquo;\u00e9cole<\/strong><\/a><\/p>\n\n\n<div class=\"wp-block-image\">\n<figure class=\"aligncenter size-large is-resized\"><img loading=\"lazy\" decoding=\"async\" width=\"681\" height=\"1024\" src=\"https:\/\/usep.laligue56.org\/wp-content\/uploads\/2022\/02\/TENNIS-681x1024.png\" alt=\"\" class=\"wp-image-866\" style=\"width:206px;height:310px\" srcset=\"https:\/\/usep.laligue56.org\/wp-content\/uploads\/2022\/02\/TENNIS-681x1024.png 681w, https:\/\/usep.laligue56.org\/wp-content\/uploads\/2022\/02\/TENNIS-199x300.png 199w, https:\/\/usep.laligue56.org\/wp-content\/uploads\/2022\/02\/TENNIS-768x1155.png 768w, https:\/\/usep.laligue56.org\/wp-content\/uploads\/2022\/02\/TENNIS-1021x1536.png 1021w, https:\/\/usep.laligue56.org\/wp-content\/uploads\/2022\/02\/TENNIS-1361x2048.png 1361w\" sizes=\"(max-width: 681px) 100vw, 681px\" \/><\/figure><\/div>\n\n\n<p><br><\/p>\n","protected":false},"excerpt":{"rendered":"<p>(Mars-Avril) Cette rencontre a vu le jour en 2010 en partenariat avec le Comit\u00e9 D\u00e9partemental Tennis du Morbihan. Apr\u00e8s un cycle d&rsquo;apprentissage, nous regroupons sur une demi-journ\u00e9e, plusieurs classes d&rsquo;\u00e9coles diff\u00e9rentes au sein d&rsquo;un complexe de tennis, afin de participer \u00e0 divers jeux, ateliers et matchs adapt\u00e9s au tennis scolaire. Cette ann\u00e9e nous orientons cette [&hellip;]<\/p>\n","protected":false},"author":1,"featured_media":0,"parent":0,"menu_order":0,"comment_status":"closed","ping_status":"closed","template":"","meta":{"footnotes":""},"class_list":["post-50","page","type-page","status-publish","hentry","post"],"_links":{"self":[{"href":"https:\/\/usep.laligue56.org\/index.php?rest_route=\/wp\/v2\/pages\/50"}],"collection":[{"href":"https:\/\/usep.laligue56.org\/index.php?rest_route=\/wp\/v2\/pages"}],"about":[{"href":"https:\/\/usep.laligue56.org\/index.php?rest_route=\/wp\/v2\/types\/page"}],"author":[{"embeddable":true,"href":"https:\/\/usep.laligue56.org\/index.php?rest_route=\/wp\/v2\/users\/1"}],"replies":[{"embeddable":true,"href":"https:\/\/usep.laligue56.org\/index.php?rest_route=%2Fwp%2Fv2%2Fcomments&post=50"}],"version-history":[{"count":12,"href":"https:\/\/usep.laligue56.org\/index.php?rest_route=\/wp\/v2\/pages\/50\/revisions"}],"predecessor-version":[{"id":1628,"href":"https:\/\/usep.laligue56.org\/index.php?rest_route=\/wp\/v2\/pages\/50\/revisions\/1628"}],"wp:attachment":[{"href":"https:\/\/usep.laligue56.org\/index.php?rest_route=%2Fwp%2Fv2%2Fmedia&parent=50"}],"curies":[{"name":"wp","href":"https:\/\/api.w.org\/{rel}","templated":true}]}}