{"id":52,"date":"2020-03-11T11:34:57","date_gmt":"2020-03-11T11:34:57","guid":{"rendered":"https:\/\/usep.cloudligue56.fr\/?page_id=52"},"modified":"2025-08-29T13:52:40","modified_gmt":"2025-08-29T13:52:40","slug":"ptit-tour","status":"publish","type":"page","link":"https:\/\/usep.laligue56.org\/?page_id=52","title":{"rendered":"P&rsquo;TIT TOUR"},"content":{"rendered":"\n<h3 class=\"wp-block-heading has-light-green-cyan-color has-text-color\">(Mai-Juin)<\/h3>\n\n\n\n<p>Cr\u00e9\u00e9 en 1996 par l\u2019Usep, cet \u00e9v\u00e9nement national rassemble chaque ann\u00e9e plusieurs milliers d\u2019enfants de 5 \u00e0 11 ans qui r\u00e9alisent un Tour de France par r\u00e9gion : l\u2019objectif est de permettre \u00e0 chaque enfant de se d\u00e9placer de fa\u00e7on autonome en toute s\u00e9curit\u00e9.<\/p>\n\n\n\n<p><strong>Cycle 3<\/strong> : dans le Morbihan nous vous proposons depuis plusieurs ann\u00e9es des \u00e9tapes le long des canaux dans le cadre d\u2019une op\u00e9ration initi\u00e9e par le Comit\u00e9 R\u00e9gional Usep Bretagne (Au fil des canaux).<br>D\u2019autres parcours plus proches des \u00e9coles ont \u00e9t\u00e9 con\u00e7us ce qui ne n\u00e9cessite pas forc\u00e9ment un d\u00e9placement en car.<\/p>\n\n\n\n<p><strong>Cycle 2<\/strong> : les rencontres se d\u00e9roulent sur un lieu prot\u00e9g\u00e9 (parc, stade&#8230;) avec la possibilit\u00e9 de mettre en place des ateliers et des d\u00e9placements s\u00e9curis\u00e9s&#8230; <\/p>\n\n\n\n<p>Participer \u00e0 cette op\u00e9ration n\u00e9cessite un engagement important de la part des enseignants :<\/p>\n\n\n\n<ul class=\"wp-block-list\">\n<li>reconnaissance conseill\u00e9e et proposition de parcours<\/li>\n\n\n\n<li>agr\u00e9ments des parents accompagnateurs (demande \u00e0 effectuer aupr\u00e8s de votre CPC EPS)<\/li>\n\n\n\n<li>pr\u00e9paration des \u00e9l\u00e8ves en effectuant des sorties pr\u00e9alables<\/li>\n\n\n\n<li>v\u00e9rification du mat\u00e9riel<\/li>\n<\/ul>\n\n\n\n<p>L\u2019organisation est assur\u00e9e et valid\u00e9e par le Comit\u00e9 D\u00e9partemental USEP et n\u00e9cessite le d\u00e9p\u00f4t d\u2019un dossier aupr\u00e8s des autorit\u00e9s comp\u00e9tentes (DSDEN, Pr\u00e9fecture du Morbihan, Conseil R\u00e9gional de Bretagne) 2 mois avant la sortie.<\/p>\n\n\n\n<p>L\u2019Usep est un des partenaires de l\u2019op\u00e9ration <strong>\u00ab Savoir rouler \u00e0 v\u00e9lo \u00bb<\/strong>, visant \u00e0 rendre les enfants autonomes dans la pratique du v\u00e9lo avant l\u2019entr\u00e9e du coll\u00e8ge. Les associations Usep, engag\u00e9es dans le P\u2019tit Tour peuvent valider les comp\u00e9tences acquises par les enfants ayant particip\u00e9 \u00e0 une \u00e9tape du P\u2019Tit Tour.<br><br>Plus d\u2019infos sur <a href=\"https:\/\/www.sports.gouv.fr\/savoir-rouler-a-velo\/\"><strong>https:\/\/www.sports.gouv.fr\/savoirrouleravelo\/<\/strong><\/a><br><br>Le comit\u00e9 USEP 56 s&rsquo;engage \u00e0 valider sur la plateforme les blocs 3 pour les classes de cycle 3 participant au P&rsquo;tit Tour USEP.<\/p>\n\n\n\n<p><a href=\"https:\/\/cloudligue56.fr\/index.php\/s\/59a5gLyFgTw6fXG\"><strong>Cahier des Charges P&rsquo;tit Tour 2025-2026<\/strong><\/a><\/p>\n\n\n<div class=\"wp-block-image\">\n<figure class=\"aligncenter size-large is-resized\"><img loading=\"lazy\" decoding=\"async\" width=\"1019\" height=\"1024\" src=\"https:\/\/usep.laligue56.org\/wp-content\/uploads\/2022\/02\/CYCLISME-1019x1024.png\" alt=\"\" class=\"wp-image-870\" style=\"width:265px;height:266px\" srcset=\"https:\/\/usep.laligue56.org\/wp-content\/uploads\/2022\/02\/CYCLISME-1019x1024.png 1019w, https:\/\/usep.laligue56.org\/wp-content\/uploads\/2022\/02\/CYCLISME-298x300.png 298w, https:\/\/usep.laligue56.org\/wp-content\/uploads\/2022\/02\/CYCLISME-150x150.png 150w, https:\/\/usep.laligue56.org\/wp-content\/uploads\/2022\/02\/CYCLISME-768x772.png 768w, https:\/\/usep.laligue56.org\/wp-content\/uploads\/2022\/02\/CYCLISME-1528x1536.png 1528w, https:\/\/usep.laligue56.org\/wp-content\/uploads\/2022\/02\/CYCLISME-2038x2048.png 2038w\" sizes=\"(max-width: 1019px) 100vw, 1019px\" \/><\/figure><\/div>","protected":false},"excerpt":{"rendered":"<p>(Mai-Juin) Cr\u00e9\u00e9 en 1996 par l\u2019Usep, cet \u00e9v\u00e9nement national rassemble chaque ann\u00e9e plusieurs milliers d\u2019enfants de 5 \u00e0 11 ans qui r\u00e9alisent un Tour de France par r\u00e9gion : l\u2019objectif est de permettre \u00e0 chaque enfant de se d\u00e9placer de fa\u00e7on autonome en toute s\u00e9curit\u00e9. Cycle 3 : dans le Morbihan nous vous proposons depuis [&hellip;]<\/p>\n","protected":false},"author":1,"featured_media":0,"parent":0,"menu_order":0,"comment_status":"closed","ping_status":"closed","template":"","meta":{"footnotes":""},"class_list":["post-52","page","type-page","status-publish","hentry","post"],"_links":{"self":[{"href":"https:\/\/usep.laligue56.org\/index.php?rest_route=\/wp\/v2\/pages\/52"}],"collection":[{"href":"https:\/\/usep.laligue56.org\/index.php?rest_route=\/wp\/v2\/pages"}],"about":[{"href":"https:\/\/usep.laligue56.org\/index.php?rest_route=\/wp\/v2\/types\/page"}],"author":[{"embeddable":true,"href":"https:\/\/usep.laligue56.org\/index.php?rest_route=\/wp\/v2\/users\/1"}],"replies":[{"embeddable":true,"href":"https:\/\/usep.laligue56.org\/index.php?rest_route=%2Fwp%2Fv2%2Fcomments&post=52"}],"version-history":[{"count":12,"href":"https:\/\/usep.laligue56.org\/index.php?rest_route=\/wp\/v2\/pages\/52\/revisions"}],"predecessor-version":[{"id":1631,"href":"https:\/\/usep.laligue56.org\/index.php?rest_route=\/wp\/v2\/pages\/52\/revisions\/1631"}],"wp:attachment":[{"href":"https:\/\/usep.laligue56.org\/index.php?rest_route=%2Fwp%2Fv2%2Fmedia&parent=52"}],"curies":[{"name":"wp","href":"https:\/\/api.w.org\/{rel}","templated":true}]}}