{"id":54,"date":"2020-03-11T11:37:40","date_gmt":"2020-03-11T11:37:40","guid":{"rendered":"https:\/\/usep.cloudligue56.fr\/?page_id=54"},"modified":"2025-08-29T14:07:08","modified_gmt":"2025-08-29T14:07:08","slug":"hisse-et-eau","status":"publish","type":"page","link":"https:\/\/usep.laligue56.org\/?page_id=54","title":{"rendered":"AUTRES RENCONTRES USEP"},"content":{"rendered":"\n<h2 class=\"wp-block-heading has-light-green-cyan-color has-text-color\">BREAKS&rsquo;COOL &#8211; Janvier \u00e0 Mars<\/h2>\n\n\n\n<p>La rencontre USEP \u00ab\u00a0Breaks&rsquo;Cool\u00a0\u00bb permet aux enfants d&rsquo;agir, de r\u00e9fl\u00e9chir, de d\u00e9battre, de produire, de se produire et de lire la danse. Elle est adaptable, avec 9 ateliers au choix. Deux sont toutefois incontournables : le \u00ab\u00a0break show\u00a0\u00bb et le \u00ab\u00a0break battle\u00a0\u00bb. La rencontre propos\u00e9e peut r\u00e9unir 2, 3 ou 4 classes, sur une demi-journ\u00e9e voire sur une journ\u00e9e enti\u00e8re.<\/p>\n\n\n\n<p><a href=\"https:\/\/cloudligue56.fr\/index.php\/s\/dwtFNSPG49PFbmA\" data-type=\"link\" data-id=\"https:\/\/cloudligue56.fr\/index.php\/s\/EBeyWDTpbbAwW7B\"><strong>Cahier des Charges Breakscool 2025-2026<\/strong><\/a><\/p>\n\n\n\n<p><a href=\"https:\/\/view.genial.ly\/641df8a9b33888001a4ed4e8\/guide-break-scool\"><strong>Document p\u00e9dagogique sous la forme d&rsquo;un Genially<\/strong><\/a><\/p>\n\n\n<div class=\"wp-block-image\">\n<figure class=\"aligncenter size-large is-resized\"><img loading=\"lazy\" decoding=\"async\" width=\"637\" height=\"1024\" src=\"https:\/\/usep.laligue56.org\/wp-content\/uploads\/2023\/07\/USEP-Breakdance-bleu-clair-637x1024.jpg\" alt=\"\" class=\"wp-image-1424\" style=\"width:190px;height:305px\" srcset=\"https:\/\/usep.laligue56.org\/wp-content\/uploads\/2023\/07\/USEP-Breakdance-bleu-clair-637x1024.jpg 637w, https:\/\/usep.laligue56.org\/wp-content\/uploads\/2023\/07\/USEP-Breakdance-bleu-clair-186x300.jpg 186w, https:\/\/usep.laligue56.org\/wp-content\/uploads\/2023\/07\/USEP-Breakdance-bleu-clair-768x1236.jpg 768w, https:\/\/usep.laligue56.org\/wp-content\/uploads\/2023\/07\/USEP-Breakdance-bleu-clair.jpg 864w\" sizes=\"(max-width: 637px) 100vw, 637px\" \/><\/figure><\/div>\n\n\n<h2 class=\"wp-block-heading has-light-green-cyan-color has-text-color\">ECOL&rsquo;EAU (toute l&rsquo;ann\u00e9e)<\/h2>\n\n\n\n<p>\u00c0 travers le projet <strong>Ecol\u2019Eau<\/strong>, l\u2019USEP du Morbihan propose d\u00e9sormais un nouveau format \u201cfil rouge\u201d : une aventure \u00e9ducative, sportive et environnementale d\u00e9ploy\u00e9e tout au long de l\u2019ann\u00e9e scolaire.<\/p>\n\n\n\n<p>Au programme : Virtual Regatta, correspondances inter-classes, \u00e9changes avec un navigateur, une rencontre en bord de mer&#8230;<\/p>\n\n\n\n<p><a href=\"https:\/\/cloudligue56.fr\/index.php\/s\/5erCDmb8Pfgm79m\"><strong>Cahier des charges Ecol&rsquo;Eau 2025-2026<\/strong><\/a><\/p>\n\n\n<div class=\"wp-block-image\">\n<figure class=\"aligncenter size-large is-resized\"><img loading=\"lazy\" decoding=\"async\" width=\"1018\" height=\"1024\" src=\"https:\/\/usep.laligue56.org\/wp-content\/uploads\/2022\/02\/VOILE-1018x1024.png\" alt=\"\" class=\"wp-image-878\" style=\"width:249px;height:250px\" srcset=\"https:\/\/usep.laligue56.org\/wp-content\/uploads\/2022\/02\/VOILE-1018x1024.png 1018w, https:\/\/usep.laligue56.org\/wp-content\/uploads\/2022\/02\/VOILE-298x300.png 298w, https:\/\/usep.laligue56.org\/wp-content\/uploads\/2022\/02\/VOILE-150x150.png 150w, https:\/\/usep.laligue56.org\/wp-content\/uploads\/2022\/02\/VOILE-768x773.png 768w, https:\/\/usep.laligue56.org\/wp-content\/uploads\/2022\/02\/VOILE-1527x1536.png 1527w, https:\/\/usep.laligue56.org\/wp-content\/uploads\/2022\/02\/VOILE-2036x2048.png 2036w\" sizes=\"(max-width: 1018px) 100vw, 1018px\" \/><\/figure><\/div>\n\n\n<h2 class=\"wp-block-heading has-light-green-cyan-color has-text-color\"><strong>USEPIADES <\/strong>(Mai \/ Juin)<\/h2>\n\n\n\n<p>Une rencontre sportive associative dans laquelle chaque enfant est pratiquant et impliqu\u00e9 dans un r\u00f4le social : juge, ma\u00eetre du temps, compteur de points, arbitre, chef d\u2019\u00e9quipe, ambassadeur\u2026<\/p>\n\n\n\n<p>Une rencontre accessible et valorisante pour tous (\u00e9quitable, \u00e9panouissante et inclusive).<\/p>\n\n\n\n<p>Une rencontre avec des ateliers sportifs divers&nbsp;: breakdance, rugby, hand, orientation, tennis, c\u00e9cifoot, d\u00e9bats\u2026<\/p>\n\n\n\n<p>Une rencontre \u00ab&nbsp;Us\u00e9piades&nbsp;\u00bb avec une pr\u00e9paration en amont des classes et une c\u00e9r\u00e9monie d\u2019ouverture le jour J. <\/p>\n\n\n\n<p><a href=\"https:\/\/cloudligue56.fr\/index.php\/s\/nnzic5CJ8RW73NA\"><strong>Cahier des charges Us\u00e9piades 2025-2026<\/strong><\/a><\/p>\n\n\n\n<p><a href=\"https:\/\/usep.laligue56.org\/?page_id=1456\" data-type=\"page\" data-id=\"1456\"><strong>Document P\u00e9dagogique <\/strong><\/a><\/p>\n\n\n<div class=\"wp-block-image\">\n<figure class=\"aligncenter size-large is-resized\"><img loading=\"lazy\" decoding=\"async\" width=\"1024\" height=\"699\" src=\"https:\/\/usep.laligue56.org\/wp-content\/uploads\/2022\/02\/ATHLE-RELAIS-1024x699.png\" alt=\"\" class=\"wp-image-887\" style=\"width:307px;height:209px\" srcset=\"https:\/\/usep.laligue56.org\/wp-content\/uploads\/2022\/02\/ATHLE-RELAIS-1024x699.png 1024w, https:\/\/usep.laligue56.org\/wp-content\/uploads\/2022\/02\/ATHLE-RELAIS-300x205.png 300w, https:\/\/usep.laligue56.org\/wp-content\/uploads\/2022\/02\/ATHLE-RELAIS-768x524.png 768w, https:\/\/usep.laligue56.org\/wp-content\/uploads\/2022\/02\/ATHLE-RELAIS-1536x1048.png 1536w, https:\/\/usep.laligue56.org\/wp-content\/uploads\/2022\/02\/ATHLE-RELAIS-2048x1397.png 2048w\" sizes=\"(max-width: 1024px) 100vw, 1024px\" \/><\/figure><\/div>\n\n\n<h2 class=\"wp-block-heading has-light-green-cyan-color has-text-color\"><strong>ORIENTATION<\/strong> &#8211; Rencontre locale<\/h2>\n\n\n\n<p>La C.O est un sport de pleine nature o\u00f9 l\u2019objectif est de parcourir le plus rapidement possible un circuit mat\u00e9rialis\u00e9 par des balises, que le coureur doit d\u00e9couvrir par l\u2019itin\u00e9raire de son choix en utilisant une carte. Pour la rencontre O\u2019rientation USEP, cet objectif devra \u00eatre atteint collectivement et non individuellement lors de la Course O\u2019Score. Les \u00e9quipes pourront aussi tester leurs comp\u00e9tences d\u2019orienteurs sur des ateliers ludiques extraits du livret O\u2019Rencontre cr\u00e9\u00e9 en partenariat avec la F\u00e9d\u00e9ration Fran\u00e7aise de Course d\u2019Orientation.<\/p>\n\n\n\n<p><a href=\"https:\/\/cloudligue56.fr\/index.php\/s\/8noRXF8EiE2My2E\"><strong>Document P\u00e9dagogique Orientation<\/strong><\/a><\/p>\n\n\n<div class=\"wp-block-image\">\n<figure class=\"aligncenter size-large is-resized\"><img loading=\"lazy\" decoding=\"async\" width=\"1024\" height=\"746\" src=\"https:\/\/usep.laligue56.org\/wp-content\/uploads\/2022\/02\/ORIENTATION-1024x746.png\" alt=\"\" class=\"wp-image-880\" style=\"width:256px;height:186px\" srcset=\"https:\/\/usep.laligue56.org\/wp-content\/uploads\/2022\/02\/ORIENTATION-1024x746.png 1024w, https:\/\/usep.laligue56.org\/wp-content\/uploads\/2022\/02\/ORIENTATION-300x219.png 300w, https:\/\/usep.laligue56.org\/wp-content\/uploads\/2022\/02\/ORIENTATION-768x559.png 768w, https:\/\/usep.laligue56.org\/wp-content\/uploads\/2022\/02\/ORIENTATION-1536x1119.png 1536w, https:\/\/usep.laligue56.org\/wp-content\/uploads\/2022\/02\/ORIENTATION-2048x1492.png 2048w\" sizes=\"(max-width: 1024px) 100vw, 1024px\" \/><\/figure><\/div>\n\n\n<h2 class=\"wp-block-heading has-light-green-cyan-color has-text-color\"><strong>P\u00c9TANQUE<\/strong> &#8211; Rencontre locale<\/h2>\n\n\n\n<p>Souvent d\u00e9finie comme jeu d\u2019adresse, elle est surtout une activit\u00e9 d\u2019affrontement, o\u00f9 se confrontent des strat\u00e9gies de conqu\u00eate, de d\u00e9fense, d\u2019attaque&#8230; L\u2019int\u00e9r\u00eat de cette APS pour les enfants, c\u2019est le d\u00e9calage entre la prise d\u2019information, la strat\u00e9gie mise en \u0153uvre et l\u2019action motrice fine du lancer. De plus, la pr\u00e9sence d\u2019\u00e9quipiers, d\u2019adversaires, d\u2019arbitres, permet d\u2019aborder les notions de concertation, collaboration et respect.<br>Il est possible d&#8217;emprunter des kits p\u00e9tanque aupr\u00e8s de l&rsquo;USEP 56.<\/p>\n\n\n<div class=\"wp-block-image\">\n<figure class=\"aligncenter size-large is-resized\"><img loading=\"lazy\" decoding=\"async\" width=\"917\" height=\"1024\" src=\"https:\/\/usep.laligue56.org\/wp-content\/uploads\/2022\/02\/PETANQUE-917x1024.png\" alt=\"\" class=\"wp-image-891\" style=\"width:201px;height:224px\" srcset=\"https:\/\/usep.laligue56.org\/wp-content\/uploads\/2022\/02\/PETANQUE-917x1024.png 917w, https:\/\/usep.laligue56.org\/wp-content\/uploads\/2022\/02\/PETANQUE-269x300.png 269w, https:\/\/usep.laligue56.org\/wp-content\/uploads\/2022\/02\/PETANQUE-768x858.png 768w, https:\/\/usep.laligue56.org\/wp-content\/uploads\/2022\/02\/PETANQUE-1376x1536.png 1376w, https:\/\/usep.laligue56.org\/wp-content\/uploads\/2022\/02\/PETANQUE-1834x2048.png 1834w\" sizes=\"(max-width: 917px) 100vw, 917px\" \/><\/figure><\/div>\n\n\n<h2 class=\"wp-block-heading has-light-green-cyan-color has-text-color\"><strong>DISCIPLINES ENCHAIN\u00c9ES<\/strong> &#8211; Rencontre locale<\/h2>\n\n\n\n<p>Cette action d\u00e9velopp\u00e9e avec la F\u00e9d\u00e9ration fran\u00e7aise de triathlon (FFTri) vise \u00e0 d\u00e9velopper la pratique des disciplines encha\u00een\u00e9es. Elle a pour vis\u00e9e p\u00e9dagogique l\u2019encha\u00eenement de plusieurs modes de d\u00e9placement et l\u2019apprentissage de la gestion de l\u2019effort, \u00e0 travers des activit\u00e9s de pleine nature. <br>La rencontre <strong>Usep\u2019Athlon<\/strong> a pour caract\u00e9ristique de proposer l\u2019encha\u00eenement, pour un m\u00eame enfant, de 2 \u00e0 3 disciplines, dont obligatoirement la course \u00e0 pied et le v\u00e9lo. <\/p>\n\n\n\n<p>Pour les enfants de cycle 2 et cycle 3, ces deux disciplines peuvent \u00eatre associ\u00e9es sous deux formes :<br>&#8211; <strong>Le bike and run<\/strong> : un bin\u00f4me d\u2019enfants se partage un v\u00e9lo en alternance<br>&#8211; <strong>Le duathlon<\/strong> : un enfant encha\u00eene seul la course \u00e0 pied et le v\u00e9lo et un atelier d\u2019adresse comme la sarbacane par exemple.<br>Uniquement pour les enfants de cycle 3 :<br>&#8211; <strong>Le triathlon<\/strong> : situation finale de la rencontre Usep\u2019Athlon, ajoute au v\u00e9lo et \u00e0 la course \u00e0 pied la pratique de la natation. <\/p>\n\n\n\n<p>Lors de ces rencontres, chaque enfant est \u00e0 la fois pratiquant, spectateur et organisateur, impliqu\u00e9 dans un r\u00f4le social : juge, ma\u00eetre du temps, compteur de points, signaleur&#8230;<\/p>\n\n\n\n<p><strong><a href=\"https:\/\/cloudligue56.fr\/index.php\/s\/Bf9Ez8PjxxaCtpK\">Document P\u00e9dagogique Disciplines Enchain\u00e9es<\/a><\/strong><\/p>\n\n\n<div class=\"wp-block-image\">\n<figure class=\"aligncenter size-full\"><img loading=\"lazy\" decoding=\"async\" width=\"242\" height=\"209\" src=\"https:\/\/usep.laligue56.org\/wp-content\/uploads\/2022\/02\/DE.jpg\" alt=\"\" class=\"wp-image-896\"\/><\/figure><\/div>\n\n\n<h2 class=\"wp-block-heading has-light-green-cyan-color has-text-color\"><strong>ULTIMATE<\/strong> &#8211; Rencontre locale<\/h2>\n\n\n\n<p>L\u2019Ultimate a fait son entr\u00e9e \u00e0 l\u2019Usep 56 en 2016. Cette activit\u00e9 fait partie des \u00absports innovants\u00bb tels que le kinball, le tchoukball, le korfball. Elle est bas\u00e9e sur les principes du sport pour tous et se g\u00e8re en auto-arbitrage. Faciles \u00e0 mettre en place, les rencontres Ultimate peuvent se d\u00e9rouler aussi bien en int\u00e9rieur qu\u2019en ext\u00e9rieur et n\u00e9cessitent peu de mat\u00e9riel (frisbees et plots). Lors de ces journ\u00e9es, nous vous proposerons des rencontres de type \u00ab scola \u00bb : matchs, auto-arbitrage&#8230;<\/p>\n\n\n<div class=\"wp-block-image\">\n<figure class=\"aligncenter size-large is-resized\"><img loading=\"lazy\" decoding=\"async\" width=\"724\" height=\"1024\" src=\"https:\/\/usep.laligue56.org\/wp-content\/uploads\/2022\/02\/DANSE-724x1024.png\" alt=\"\" class=\"wp-image-901\" style=\"width:166px;height:235px\" srcset=\"https:\/\/usep.laligue56.org\/wp-content\/uploads\/2022\/02\/DANSE-724x1024.png 724w, https:\/\/usep.laligue56.org\/wp-content\/uploads\/2022\/02\/DANSE-212x300.png 212w, https:\/\/usep.laligue56.org\/wp-content\/uploads\/2022\/02\/DANSE-768x1087.png 768w, https:\/\/usep.laligue56.org\/wp-content\/uploads\/2022\/02\/DANSE-1085x1536.png 1085w, https:\/\/usep.laligue56.org\/wp-content\/uploads\/2022\/02\/DANSE-1447x2048.png 1447w\" sizes=\"(max-width: 724px) 100vw, 724px\" \/><\/figure><\/div>\n\n\n<h2 class=\"wp-block-heading has-light-green-cyan-color has-text-color\"><\/h2>\n","protected":false},"excerpt":{"rendered":"<p>BREAKS&rsquo;COOL &#8211; Janvier \u00e0 Mars La rencontre USEP \u00ab\u00a0Breaks&rsquo;Cool\u00a0\u00bb permet aux enfants d&rsquo;agir, de r\u00e9fl\u00e9chir, de d\u00e9battre, de produire, de se produire et de lire la danse. Elle est adaptable, avec 9 ateliers au choix. Deux sont toutefois incontournables : le \u00ab\u00a0break show\u00a0\u00bb et le \u00ab\u00a0break battle\u00a0\u00bb. La rencontre propos\u00e9e peut r\u00e9unir 2, 3 ou [&hellip;]<\/p>\n","protected":false},"author":1,"featured_media":0,"parent":0,"menu_order":0,"comment_status":"closed","ping_status":"closed","template":"","meta":{"footnotes":""},"class_list":["post-54","page","type-page","status-publish","hentry","post"],"_links":{"self":[{"href":"https:\/\/usep.laligue56.org\/index.php?rest_route=\/wp\/v2\/pages\/54"}],"collection":[{"href":"https:\/\/usep.laligue56.org\/index.php?rest_route=\/wp\/v2\/pages"}],"about":[{"href":"https:\/\/usep.laligue56.org\/index.php?rest_route=\/wp\/v2\/types\/page"}],"author":[{"embeddable":true,"href":"https:\/\/usep.laligue56.org\/index.php?rest_route=\/wp\/v2\/users\/1"}],"replies":[{"embeddable":true,"href":"https:\/\/usep.laligue56.org\/index.php?rest_route=%2Fwp%2Fv2%2Fcomments&post=54"}],"version-history":[{"count":22,"href":"https:\/\/usep.laligue56.org\/index.php?rest_route=\/wp\/v2\/pages\/54\/revisions"}],"predecessor-version":[{"id":1633,"href":"https:\/\/usep.laligue56.org\/index.php?rest_route=\/wp\/v2\/pages\/54\/revisions\/1633"}],"wp:attachment":[{"href":"https:\/\/usep.laligue56.org\/index.php?rest_route=%2Fwp%2Fv2%2Fmedia&parent=54"}],"curies":[{"name":"wp","href":"https:\/\/api.w.org\/{rel}","templated":true}]}}