{"id":67,"date":"2020-03-11T11:46:12","date_gmt":"2020-03-11T11:46:12","guid":{"rendered":"https:\/\/usep.cloudligue56.fr\/?page_id=67"},"modified":"2022-03-29T13:34:55","modified_gmt":"2022-03-29T13:34:55","slug":"emss","status":"publish","type":"page","link":"https:\/\/usep.laligue56.org\/?page_id=67","title":{"rendered":"EMSS"},"content":{"rendered":"\n<p>L\u2019Entente Morbihannaise du Sport Scolaire (EMSS) :<br>Depuis 2005, chaque circonscription est dot\u00e9e d\u2019une antenne de mat\u00e9riel EPS, mis \u00e0 disposition par l\u2019EMSS gr\u00e2ce \u00e0 l\u2019engagement financier du Conseil D\u00e9partemental et des<br>communes. Ce sont en g\u00e9n\u00e9ral les CPC EPS qui g\u00e8rent ces banques de mat\u00e9riel indispensables \u00e0 une bonne pratique avec le soutien de l\u2019Usep 56, de d\u00e9l\u00e9gu\u00e9s de secteurs ou d\u2019animateurs Usep.<br>Une priorit\u00e9 dans la r\u00e9servation des kits est donn\u00e9e aux associations Usep affili\u00e9es ainsi qu\u2019aux \u00e9coles dont les communes participent financi\u00e8rement \u00e0 la p\u00e9rennit\u00e9 du mat\u00e9riel (contribution volontaire \u00e9gale \u00e0 0,15\u20ac\/habitant\/an).<br>Ce mat\u00e9riel a vocation d\u2019enrichir la pratique en EPS : Il peut \u00eatre \u00e9galement le support pour l\u2019organisation de rencontres Usep locales. Ce mat\u00e9riel peut \u00e9galement<br>\u00eatre utilis\u00e9 sous certaines conditions pour les activit\u00e9s p\u00e9riscolaires (convention mairie\/EMSS).<\/p>\n\n\n\n<p class=\"has-text-align-center\"><img loading=\"lazy\" decoding=\"async\" width=\"300\" height=\"252\" class=\"wp-image-930\" style=\"width: 300px;\" src=\"https:\/\/usep.laligue56.org\/wp-content\/uploads\/2022\/03\/ESCRIME.png\" alt=\"\" srcset=\"https:\/\/usep.laligue56.org\/wp-content\/uploads\/2022\/03\/ESCRIME.png 5050w, https:\/\/usep.laligue56.org\/wp-content\/uploads\/2022\/03\/ESCRIME-300x252.png 300w, https:\/\/usep.laligue56.org\/wp-content\/uploads\/2022\/03\/ESCRIME-1024x860.png 1024w, https:\/\/usep.laligue56.org\/wp-content\/uploads\/2022\/03\/ESCRIME-768x645.png 768w, https:\/\/usep.laligue56.org\/wp-content\/uploads\/2022\/03\/ESCRIME-1536x1290.png 1536w, https:\/\/usep.laligue56.org\/wp-content\/uploads\/2022\/03\/ESCRIME-2048x1720.png 2048w\" sizes=\"(max-width: 300px) 100vw, 300px\" \/><br><\/p>\n","protected":false},"excerpt":{"rendered":"<p>L\u2019Entente Morbihannaise du Sport Scolaire (EMSS) :Depuis 2005, chaque circonscription est dot\u00e9e d\u2019une antenne de mat\u00e9riel EPS, mis \u00e0 disposition par l\u2019EMSS gr\u00e2ce \u00e0 l\u2019engagement financier du Conseil D\u00e9partemental et descommunes. Ce sont en g\u00e9n\u00e9ral les CPC EPS qui g\u00e8rent ces banques de mat\u00e9riel indispensables \u00e0 une bonne pratique avec le soutien de l\u2019Usep 56, [&hellip;]<\/p>\n","protected":false},"author":1,"featured_media":0,"parent":0,"menu_order":0,"comment_status":"closed","ping_status":"closed","template":"","meta":{"footnotes":""},"class_list":["post-67","page","type-page","status-publish","hentry","post"],"_links":{"self":[{"href":"https:\/\/usep.laligue56.org\/index.php?rest_route=\/wp\/v2\/pages\/67"}],"collection":[{"href":"https:\/\/usep.laligue56.org\/index.php?rest_route=\/wp\/v2\/pages"}],"about":[{"href":"https:\/\/usep.laligue56.org\/index.php?rest_route=\/wp\/v2\/types\/page"}],"author":[{"embeddable":true,"href":"https:\/\/usep.laligue56.org\/index.php?rest_route=\/wp\/v2\/users\/1"}],"replies":[{"embeddable":true,"href":"https:\/\/usep.laligue56.org\/index.php?rest_route=%2Fwp%2Fv2%2Fcomments&post=67"}],"version-history":[{"count":3,"href":"https:\/\/usep.laligue56.org\/index.php?rest_route=\/wp\/v2\/pages\/67\/revisions"}],"predecessor-version":[{"id":931,"href":"https:\/\/usep.laligue56.org\/index.php?rest_route=\/wp\/v2\/pages\/67\/revisions\/931"}],"wp:attachment":[{"href":"https:\/\/usep.laligue56.org\/index.php?rest_route=%2Fwp%2Fv2%2Fmedia&parent=67"}],"curies":[{"name":"wp","href":"https:\/\/api.w.org\/{rel}","templated":true}]}}