{"id":81,"date":"2020-03-11T11:54:27","date_gmt":"2020-03-11T11:54:27","guid":{"rendered":"https:\/\/usep.cloudligue56.fr\/?page_id=81"},"modified":"2025-08-29T14:08:15","modified_gmt":"2025-08-29T14:08:15","slug":"formations-aps","status":"publish","type":"page","link":"https:\/\/usep.laligue56.org\/?page_id=81","title":{"rendered":"FORMATIONS USEP 56"},"content":{"rendered":"\n<p>Afin d\u2019accompagner un \u00e9v\u00e9nement\/une rencontre USEP, et de vous aider dans la mise en place d&rsquo;un cycle d&rsquo;apprentissage, des temps de formation peuvent \u00eatre propos\u00e9es avec l\u2019appui de techniciens des comit\u00e9s d\u00e9partementaux concern\u00e9s et les permanents Usep 56.<\/p>\n\n\n\n<p>Dans le cadre des p&rsquo;tits bals, bals bretons et bals du monde, des formations de 1h30 sont ouvertes aux enseignants, aux parents et animateurs Usep.<\/p>\n\n\n\n<p>Nous intervenons \u00e9galement \u00e0 l\u2019INSPE, et dans le cadre des animations p\u00e9dagogiques, notamment avec le Savoir Rouler \u00e0 V\u00e9lo.<\/p>\n\n\n<div class=\"wp-block-image\">\n<figure class=\"aligncenter size-large is-resized\"><img loading=\"lazy\" decoding=\"async\" width=\"1024\" height=\"632\" src=\"https:\/\/usep.laligue56.org\/wp-content\/uploads\/2022\/03\/bonhommes_associations-1024x632.png\" alt=\"\" class=\"wp-image-912\" style=\"width:419px;height:258px\" srcset=\"https:\/\/usep.laligue56.org\/wp-content\/uploads\/2022\/03\/bonhommes_associations-1024x632.png 1024w, https:\/\/usep.laligue56.org\/wp-content\/uploads\/2022\/03\/bonhommes_associations-300x185.png 300w, https:\/\/usep.laligue56.org\/wp-content\/uploads\/2022\/03\/bonhommes_associations-768x474.png 768w, https:\/\/usep.laligue56.org\/wp-content\/uploads\/2022\/03\/bonhommes_associations-1536x949.png 1536w, https:\/\/usep.laligue56.org\/wp-content\/uploads\/2022\/03\/bonhommes_associations-2048x1265.png 2048w\" sizes=\"(max-width: 1024px) 100vw, 1024px\" \/><\/figure><\/div>","protected":false},"excerpt":{"rendered":"<p>Afin d\u2019accompagner un \u00e9v\u00e9nement\/une rencontre USEP, et de vous aider dans la mise en place d&rsquo;un cycle d&rsquo;apprentissage, des temps de formation peuvent \u00eatre propos\u00e9es avec l\u2019appui de techniciens des comit\u00e9s d\u00e9partementaux concern\u00e9s et les permanents Usep 56. Dans le cadre des p&rsquo;tits bals, bals bretons et bals du monde, des formations de 1h30 sont [&hellip;]<\/p>\n","protected":false},"author":1,"featured_media":0,"parent":0,"menu_order":0,"comment_status":"closed","ping_status":"closed","template":"","meta":{"footnotes":""},"class_list":["post-81","page","type-page","status-publish","hentry","post"],"_links":{"self":[{"href":"https:\/\/usep.laligue56.org\/index.php?rest_route=\/wp\/v2\/pages\/81"}],"collection":[{"href":"https:\/\/usep.laligue56.org\/index.php?rest_route=\/wp\/v2\/pages"}],"about":[{"href":"https:\/\/usep.laligue56.org\/index.php?rest_route=\/wp\/v2\/types\/page"}],"author":[{"embeddable":true,"href":"https:\/\/usep.laligue56.org\/index.php?rest_route=\/wp\/v2\/users\/1"}],"replies":[{"embeddable":true,"href":"https:\/\/usep.laligue56.org\/index.php?rest_route=%2Fwp%2Fv2%2Fcomments&post=81"}],"version-history":[{"count":4,"href":"https:\/\/usep.laligue56.org\/index.php?rest_route=\/wp\/v2\/pages\/81\/revisions"}],"predecessor-version":[{"id":1634,"href":"https:\/\/usep.laligue56.org\/index.php?rest_route=\/wp\/v2\/pages\/81\/revisions\/1634"}],"wp:attachment":[{"href":"https:\/\/usep.laligue56.org\/index.php?rest_route=%2Fwp%2Fv2%2Fmedia&parent=81"}],"curies":[{"name":"wp","href":"https:\/\/api.w.org\/{rel}","templated":true}]}}