{"id":85,"date":"2020-03-12T08:23:15","date_gmt":"2020-03-12T08:23:15","guid":{"rendered":"https:\/\/usep.cloudligue56.fr\/?page_id=85"},"modified":"2025-08-29T14:23:35","modified_gmt":"2025-08-29T14:23:35","slug":"formation-regionale","status":"publish","type":"page","link":"https:\/\/usep.laligue56.org\/?page_id=85","title":{"rendered":"FORMATION R\u00c9GIONALE"},"content":{"rendered":"\n<p>Chaque ann\u00e9e, le Comit\u00e9 r\u00e9gional USEP Bretagne propose une formation \u00e0 destination des animateurs Usep de chaque d\u00e9partement. Elles sont ouvertes aux licenci\u00e9s adultes (enseignants, parents et ETAPS \u2026), sont cibl\u00e9es sur une Activit\u00e9 Physique et Sportive. Ces formations mettent les stagiaires en action dans un cadre convivial et ont lieu fin ao\u00fbt.<\/p>\n\n\n<div class=\"wp-block-image\">\n<figure class=\"aligncenter size-full is-resized\"><img loading=\"lazy\" decoding=\"async\" width=\"100\" height=\"111\" src=\"https:\/\/usep.laligue56.org\/wp-content\/uploads\/2022\/03\/Bretagne-e1531298393460.png\" alt=\"\" class=\"wp-image-915\" style=\"width:112px;height:124px\"\/><\/figure><\/div>","protected":false},"excerpt":{"rendered":"<p>Chaque ann\u00e9e, le Comit\u00e9 r\u00e9gional USEP Bretagne propose une formation \u00e0 destination des animateurs Usep de chaque d\u00e9partement. Elles sont ouvertes aux licenci\u00e9s adultes (enseignants, parents et ETAPS \u2026), sont cibl\u00e9es sur une Activit\u00e9 Physique et Sportive. Ces formations mettent les stagiaires en action dans un cadre convivial et ont lieu fin ao\u00fbt.<\/p>\n","protected":false},"author":1,"featured_media":0,"parent":0,"menu_order":0,"comment_status":"closed","ping_status":"closed","template":"","meta":{"footnotes":""},"class_list":["post-85","page","type-page","status-publish","hentry","post"],"_links":{"self":[{"href":"https:\/\/usep.laligue56.org\/index.php?rest_route=\/wp\/v2\/pages\/85"}],"collection":[{"href":"https:\/\/usep.laligue56.org\/index.php?rest_route=\/wp\/v2\/pages"}],"about":[{"href":"https:\/\/usep.laligue56.org\/index.php?rest_route=\/wp\/v2\/types\/page"}],"author":[{"embeddable":true,"href":"https:\/\/usep.laligue56.org\/index.php?rest_route=\/wp\/v2\/users\/1"}],"replies":[{"embeddable":true,"href":"https:\/\/usep.laligue56.org\/index.php?rest_route=%2Fwp%2Fv2%2Fcomments&post=85"}],"version-history":[{"count":7,"href":"https:\/\/usep.laligue56.org\/index.php?rest_route=\/wp\/v2\/pages\/85\/revisions"}],"predecessor-version":[{"id":1637,"href":"https:\/\/usep.laligue56.org\/index.php?rest_route=\/wp\/v2\/pages\/85\/revisions\/1637"}],"wp:attachment":[{"href":"https:\/\/usep.laligue56.org\/index.php?rest_route=%2Fwp%2Fv2%2Fmedia&parent=85"}],"curies":[{"name":"wp","href":"https:\/\/api.w.org\/{rel}","templated":true}]}}